{"id":27,"date":"2024-04-15T08:03:54","date_gmt":"2024-04-15T11:03:54","guid":{"rendered":"https:\/\/fuscaclube.com.br\/novo\/?page_id=27"},"modified":"2025-12-16T00:53:18","modified_gmt":"2025-12-16T03:53:18","slug":"reuniao-mensal","status":"publish","type":"page","link":"https:\/\/fuscaclube.com.br\/novo\/reuniao-mensal\/","title":{"rendered":"Reuni\u00e3o Mensal"},"content":{"rendered":"\t\t<div data-elementor-type=\"wp-page\" data-elementor-id=\"27\" class=\"elementor elementor-27\" data-elementor-post-type=\"page\">\n\t\t\t\t\t\t<section class=\"elementor-section elementor-top-section elementor-element elementor-element-7a20ac23 elementor-section-boxed elementor-section-height-default elementor-section-height-default\" data-id=\"7a20ac23\" data-element_type=\"section\">\n\t\t\t\t\t\t<div class=\"elementor-container elementor-column-gap-no\">\n\t\t\t\t\t<div class=\"elementor-column elementor-col-100 elementor-top-column elementor-element elementor-element-1dc882ef\" data-id=\"1dc882ef\" data-element_type=\"column\" data-settings=\"{&quot;background_background&quot;:&quot;gradient&quot;}\">\n\t\t\t<div class=\"elementor-widget-wrap elementor-element-populated\">\n\t\t\t\t\t\t<div class=\"elementor-element elementor-element-6c3cc511 elementor-widget__width-auto elementor-absolute elementor-widget elementor-widget-heading\" data-id=\"6c3cc511\" data-element_type=\"widget\" data-settings=\"{&quot;_position&quot;:&quot;absolute&quot;}\" data-widget_type=\"heading.default\">\n\t\t\t\t<div class=\"elementor-widget-container\">\n\t\t\t<style>\/*! elementor - v3.23.0 - 15-07-2024 *\/\n.elementor-heading-title{padding:0;margin:0;line-height:1}.elementor-widget-heading .elementor-heading-title[class*=elementor-size-]>a{color:inherit;font-size:inherit;line-height:inherit}.elementor-widget-heading .elementor-heading-title.elementor-size-small{font-size:15px}.elementor-widget-heading .elementor-heading-title.elementor-size-medium{font-size:19px}.elementor-widget-heading .elementor-heading-title.elementor-size-large{font-size:29px}.elementor-widget-heading .elementor-heading-title.elementor-size-xl{font-size:39px}.elementor-widget-heading .elementor-heading-title.elementor-size-xxl{font-size:59px}<\/style><h1 class=\"elementor-heading-title elementor-size-default\">Reuni\u00e3o<\/h1>\t\t<\/div>\n\t\t\t\t<\/div>\n\t\t\t\t<section class=\"elementor-section elementor-inner-section elementor-element elementor-element-335b52c5 elementor-section-boxed elementor-section-height-default elementor-section-height-default\" data-id=\"335b52c5\" data-element_type=\"section\">\n\t\t\t\t\t\t<div class=\"elementor-container elementor-column-gap-no\">\n\t\t\t\t\t<div class=\"elementor-column elementor-col-100 elementor-inner-column elementor-element elementor-element-c0850a1\" data-id=\"c0850a1\" data-element_type=\"column\">\n\t\t\t<div class=\"elementor-widget-wrap elementor-element-populated\">\n\t\t\t\t\t\t<div class=\"elementor-element elementor-element-5f9e7449 elementor-invisible elementor-widget elementor-widget-heading\" data-id=\"5f9e7449\" data-element_type=\"widget\" data-settings=\"{&quot;_animation&quot;:&quot;fadeInUp&quot;}\" data-widget_type=\"heading.default\">\n\t\t\t\t<div class=\"elementor-widget-container\">\n\t\t\t<h2 class=\"elementor-heading-title elementor-size-default\">Reuni\u00e3o Mensal<\/h2>\t\t<\/div>\n\t\t\t\t<\/div>\n\t\t\t\t<div class=\"elementor-element elementor-element-3ba561a elementor-invisible elementor-widget elementor-widget-heading\" data-id=\"3ba561a\" data-element_type=\"widget\" data-settings=\"{&quot;_animation&quot;:&quot;fadeInUp&quot;,&quot;_animation_delay&quot;:200}\" data-widget_type=\"heading.default\">\n\t\t\t\t<div class=\"elementor-widget-container\">\n\t\t\t<h2 class=\"elementor-heading-title elementor-size-default\">Todo \u00faltimo s\u00e1bado do m\u00eas em nossa sede <br> Rua Jo\u00e3o Soares 57 - Quarta Parada <\/h2>\t\t<\/div>\n\t\t\t\t<\/div>\n\t\t\t\t\t<\/div>\n\t\t<\/div>\n\t\t\t\t\t<\/div>\n\t\t<\/section>\n\t\t\t\t<section class=\"elementor-section elementor-inner-section elementor-element elementor-element-2ec9144b elementor-section-full_width elementor-section-height-default elementor-section-height-default\" data-id=\"2ec9144b\" data-element_type=\"section\">\n\t\t\t\t\t\t<div class=\"elementor-container elementor-column-gap-custom\">\n\t\t\t\t\t<div class=\"elementor-column elementor-col-20 elementor-inner-column elementor-element elementor-element-1464b0d4 elementor-invisible\" data-id=\"1464b0d4\" data-element_type=\"column\" data-settings=\"{&quot;animation&quot;:&quot;fadeInUp&quot;}\">\n\t\t\t<div class=\"elementor-widget-wrap elementor-element-populated\">\n\t\t\t\t\t\t<div class=\"elementor-element elementor-element-a94fc95 elementor-widget elementor-widget-image\" data-id=\"a94fc95\" data-element_type=\"widget\" data-widget_type=\"image.default\">\n\t\t\t\t<div class=\"elementor-widget-container\">\n\t\t\t<style>\/*! elementor - v3.23.0 - 15-07-2024 *\/\n.elementor-widget-image{text-align:center}.elementor-widget-image a{display:inline-block}.elementor-widget-image a img[src$=\".svg\"]{width:48px}.elementor-widget-image img{vertical-align:middle;display:inline-block}<\/style>\t\t\t\t\t\t\t\t\t\t<img fetchpriority=\"high\" decoding=\"async\" width=\"768\" height=\"576\" src=\"https:\/\/fuscaclube.com.br\/novo\/wp-content\/uploads\/2025\/12\/reuniao_mensal_01-768x576.jpeg\" class=\"elementor-animation-grow attachment-medium_large size-medium_large wp-image-1027\" alt=\"\" srcset=\"https:\/\/fuscaclube.com.br\/novo\/wp-content\/uploads\/2025\/12\/reuniao_mensal_01-768x576.jpeg 768w, https:\/\/fuscaclube.com.br\/novo\/wp-content\/uploads\/2025\/12\/reuniao_mensal_01-300x225.jpeg 300w, https:\/\/fuscaclube.com.br\/novo\/wp-content\/uploads\/2025\/12\/reuniao_mensal_01-1024x768.jpeg 1024w, https:\/\/fuscaclube.com.br\/novo\/wp-content\/uploads\/2025\/12\/reuniao_mensal_01-1536x1152.jpeg 1536w, https:\/\/fuscaclube.com.br\/novo\/wp-content\/uploads\/2025\/12\/reuniao_mensal_01.jpeg 1600w\" sizes=\"(max-width: 768px) 100vw, 768px\" \/>\t\t\t\t\t\t\t\t\t\t\t\t\t<\/div>\n\t\t\t\t<\/div>\n\t\t\t\t\t<\/div>\n\t\t<\/div>\n\t\t\t\t<div class=\"elementor-column elementor-col-20 elementor-inner-column elementor-element elementor-element-16fb2d39\" data-id=\"16fb2d39\" data-element_type=\"column\">\n\t\t\t<div class=\"elementor-widget-wrap elementor-element-populated\">\n\t\t\t\t\t\t<div class=\"elementor-element elementor-element-e6c4118 elementor-hidden-tablet elementor-hidden-mobile elementor-view-default elementor-widget elementor-widget-icon\" data-id=\"e6c4118\" data-element_type=\"widget\" data-widget_type=\"icon.default\">\n\t\t\t\t<div class=\"elementor-widget-container\">\n\t\t\t\t\t<div class=\"elementor-icon-wrapper\">\n\t\t\t<div class=\"elementor-icon\">\n\t\t\t<i aria-hidden=\"true\" class=\"icon icon-right-arrow2\"><\/i>\t\t\t<\/div>\n\t\t<\/div>\n\t\t\t\t<\/div>\n\t\t\t\t<\/div>\n\t\t\t\t<div class=\"elementor-element elementor-element-259e9342 elementor-hidden-desktop elementor-view-default elementor-widget elementor-widget-icon\" data-id=\"259e9342\" data-element_type=\"widget\" data-widget_type=\"icon.default\">\n\t\t\t\t<div class=\"elementor-widget-container\">\n\t\t\t\t\t<div class=\"elementor-icon-wrapper\">\n\t\t\t<div class=\"elementor-icon\">\n\t\t\t<i aria-hidden=\"true\" class=\"icon icon-download-arrow\"><\/i>\t\t\t<\/div>\n\t\t<\/div>\n\t\t\t\t<\/div>\n\t\t\t\t<\/div>\n\t\t\t\t\t<\/div>\n\t\t<\/div>\n\t\t\t\t<div class=\"elementor-column elementor-col-20 elementor-inner-column elementor-element elementor-element-3be73a33 elementor-invisible\" data-id=\"3be73a33\" data-element_type=\"column\" data-settings=\"{&quot;animation&quot;:&quot;fadeInUp&quot;,&quot;animation_delay&quot;:200}\">\n\t\t\t<div class=\"elementor-widget-wrap elementor-element-populated\">\n\t\t\t\t\t\t<div class=\"elementor-element elementor-element-3ace789 elementor-widget elementor-widget-image\" data-id=\"3ace789\" data-element_type=\"widget\" data-widget_type=\"image.default\">\n\t\t\t\t<div class=\"elementor-widget-container\">\n\t\t\t\t\t\t\t\t\t\t\t\t\t<img decoding=\"async\" width=\"768\" height=\"577\" src=\"https:\/\/fuscaclube.com.br\/novo\/wp-content\/uploads\/2025\/12\/reuniao_mensal_03-768x577.jpeg\" class=\"elementor-animation-grow attachment-medium_large size-medium_large wp-image-1028\" alt=\"\" srcset=\"https:\/\/fuscaclube.com.br\/novo\/wp-content\/uploads\/2025\/12\/reuniao_mensal_03-768x577.jpeg 768w, https:\/\/fuscaclube.com.br\/novo\/wp-content\/uploads\/2025\/12\/reuniao_mensal_03-300x225.jpeg 300w, https:\/\/fuscaclube.com.br\/novo\/wp-content\/uploads\/2025\/12\/reuniao_mensal_03-1024x769.jpeg 1024w, https:\/\/fuscaclube.com.br\/novo\/wp-content\/uploads\/2025\/12\/reuniao_mensal_03-1536x1154.jpeg 1536w, https:\/\/fuscaclube.com.br\/novo\/wp-content\/uploads\/2025\/12\/reuniao_mensal_03.jpeg 1600w\" sizes=\"(max-width: 768px) 100vw, 768px\" \/>\t\t\t\t\t\t\t\t\t\t\t\t\t<\/div>\n\t\t\t\t<\/div>\n\t\t\t\t\t<\/div>\n\t\t<\/div>\n\t\t\t\t<div class=\"elementor-column elementor-col-20 elementor-inner-column elementor-element elementor-element-72df9ecb\" data-id=\"72df9ecb\" data-element_type=\"column\">\n\t\t\t<div class=\"elementor-widget-wrap elementor-element-populated\">\n\t\t\t\t\t\t<div class=\"elementor-element elementor-element-266f5924 elementor-hidden-tablet elementor-hidden-mobile elementor-view-default elementor-widget elementor-widget-icon\" data-id=\"266f5924\" data-element_type=\"widget\" data-widget_type=\"icon.default\">\n\t\t\t\t<div class=\"elementor-widget-container\">\n\t\t\t\t\t<div class=\"elementor-icon-wrapper\">\n\t\t\t<div class=\"elementor-icon\">\n\t\t\t<i aria-hidden=\"true\" class=\"icon icon-left-arrow2\"><\/i>\t\t\t<\/div>\n\t\t<\/div>\n\t\t\t\t<\/div>\n\t\t\t\t<\/div>\n\t\t\t\t<div class=\"elementor-element elementor-element-29eabb46 elementor-hidden-desktop elementor-view-default elementor-widget elementor-widget-icon\" data-id=\"29eabb46\" data-element_type=\"widget\" data-widget_type=\"icon.default\">\n\t\t\t\t<div class=\"elementor-widget-container\">\n\t\t\t\t\t<div class=\"elementor-icon-wrapper\">\n\t\t\t<div class=\"elementor-icon\">\n\t\t\t<i aria-hidden=\"true\" class=\"icon icon-up-arrow\"><\/i>\t\t\t<\/div>\n\t\t<\/div>\n\t\t\t\t<\/div>\n\t\t\t\t<\/div>\n\t\t\t\t\t<\/div>\n\t\t<\/div>\n\t\t\t\t<div class=\"elementor-column elementor-col-20 elementor-inner-column elementor-element elementor-element-4a652f96 elementor-invisible\" data-id=\"4a652f96\" data-element_type=\"column\" data-settings=\"{&quot;animation&quot;:&quot;fadeInUp&quot;,&quot;animation_delay&quot;:400}\">\n\t\t\t<div class=\"elementor-widget-wrap elementor-element-populated\">\n\t\t\t\t\t\t<div class=\"elementor-element elementor-element-75d03a3 elementor-widget elementor-widget-image\" data-id=\"75d03a3\" data-element_type=\"widget\" data-widget_type=\"image.default\">\n\t\t\t\t<div class=\"elementor-widget-container\">\n\t\t\t\t\t\t\t\t\t\t\t\t\t<img decoding=\"async\" width=\"768\" height=\"576\" src=\"https:\/\/fuscaclube.com.br\/novo\/wp-content\/uploads\/2025\/12\/reuniao_mensal_02-768x576.jpeg\" class=\"elementor-animation-grow attachment-medium_large size-medium_large wp-image-1029\" alt=\"\" srcset=\"https:\/\/fuscaclube.com.br\/novo\/wp-content\/uploads\/2025\/12\/reuniao_mensal_02-768x576.jpeg 768w, https:\/\/fuscaclube.com.br\/novo\/wp-content\/uploads\/2025\/12\/reuniao_mensal_02-300x225.jpeg 300w, https:\/\/fuscaclube.com.br\/novo\/wp-content\/uploads\/2025\/12\/reuniao_mensal_02-1024x768.jpeg 1024w, https:\/\/fuscaclube.com.br\/novo\/wp-content\/uploads\/2025\/12\/reuniao_mensal_02-1536x1152.jpeg 1536w, https:\/\/fuscaclube.com.br\/novo\/wp-content\/uploads\/2025\/12\/reuniao_mensal_02.jpeg 1600w\" sizes=\"(max-width: 768px) 100vw, 768px\" \/>\t\t\t\t\t\t\t\t\t\t\t\t\t<\/div>\n\t\t\t\t<\/div>\n\t\t\t\t\t<\/div>\n\t\t<\/div>\n\t\t\t\t\t<\/div>\n\t\t<\/section>\n\t\t\t\t\t<\/div>\n\t\t<\/div>\n\t\t\t\t\t<\/div>\n\t\t<\/section>\n\t\t\t\t<\/div>\n\t\t","protected":false},"excerpt":{"rendered":"<p>Reuni\u00e3o Reuni\u00e3o Mensal Todo \u00faltimo s\u00e1bado do m\u00eas em nossa sede Rua Jo\u00e3o Soares 57 &#8211; Quarta Parada<\/p>\n","protected":false},"author":1,"featured_media":0,"parent":0,"menu_order":0,"comment_status":"closed","ping_status":"closed","template":"","meta":{"footnotes":""},"class_list":["post-27","page","type-page","status-publish","hentry"],"_links":{"self":[{"href":"https:\/\/fuscaclube.com.br\/novo\/wp-json\/wp\/v2\/pages\/27","targetHints":{"allow":["GET"]}}],"collection":[{"href":"https:\/\/fuscaclube.com.br\/novo\/wp-json\/wp\/v2\/pages"}],"about":[{"href":"https:\/\/fuscaclube.com.br\/novo\/wp-json\/wp\/v2\/types\/page"}],"author":[{"embeddable":true,"href":"https:\/\/fuscaclube.com.br\/novo\/wp-json\/wp\/v2\/users\/1"}],"replies":[{"embeddable":true,"href":"https:\/\/fuscaclube.com.br\/novo\/wp-json\/wp\/v2\/comments?post=27"}],"version-history":[{"count":4,"href":"https:\/\/fuscaclube.com.br\/novo\/wp-json\/wp\/v2\/pages\/27\/revisions"}],"predecessor-version":[{"id":1032,"href":"https:\/\/fuscaclube.com.br\/novo\/wp-json\/wp\/v2\/pages\/27\/revisions\/1032"}],"wp:attachment":[{"href":"https:\/\/fuscaclube.com.br\/novo\/wp-json\/wp\/v2\/media?parent=27"}],"curies":[{"name":"wp","href":"https:\/\/api.w.org\/{rel}","templated":true}]}}